{"id":61,"date":"2017-09-12T17:12:03","date_gmt":"2017-09-12T16:12:03","guid":{"rendered":"http:\/\/www.vs-seubersdorf.de\/testpage\/?page_id=61"},"modified":"2025-10-08T07:14:13","modified_gmt":"2025-10-08T06:14:13","slug":"kollegium","status":"publish","type":"page","link":"https:\/\/www.vs-seubersdorf.de\/schulpage\/?page_id=61","title":{"rendered":"Kollegium"},"content":{"rendered":"<p style=\"text-align: center;\"><span style=\"color: #888888;\"><strong><span style=\"color: #000000;\"><img decoding=\"async\" loading=\"lazy\" class=\"alignnone size-medium wp-image-22052\" src=\"https:\/\/www.vs-seubersdorf.de\/schulpage\/wp-content\/uploads\/2025\/10\/Kollegium-640x462.jpg\" alt=\"\" width=\"640\" height=\"462\" srcset=\"https:\/\/www.vs-seubersdorf.de\/schulpage\/wp-content\/uploads\/2025\/10\/Kollegium-640x462.jpg 640w, https:\/\/www.vs-seubersdorf.de\/schulpage\/wp-content\/uploads\/2025\/10\/Kollegium-768x555.jpg 768w, https:\/\/www.vs-seubersdorf.de\/schulpage\/wp-content\/uploads\/2025\/10\/Kollegium.jpg 800w\" sizes=\"(max-width: 640px) 100vw, 640px\" \/>\u00a0<\/span><\/strong><\/span><\/p>\n<p><strong>Klassenlehrkr\u00e4fte:<\/strong><\/p>\n<p>Klasse 1a: Heike Apfelbacher<br \/>\nKlasse 1b: Heike Braun<br \/>\nKlasse 1c: Fritz G\u00fcldener<br \/>\nKlasse 2a: Gabriele Federl<br \/>\nKlasse 2b: Sebastian Nigl<br \/>\nKlasse 2c: Irmingard Jobst<br \/>\nKlasse 3a: Kerstin Neidhardt<br \/>\nKlasse 3b: Pia Puchinger<br \/>\nKlasse 4a: Beatrice Luthermoser<br \/>\nKlasse 4b: Astrid Jordan<\/p>\n<p>Klasse 5: Christoph Hofmaier<br \/>\nKlasse 6: Laura Beer<br \/>\nKlasse 7: Mona Wallaschek<br \/>\nKlasse M9a: Doris Lottner<br \/>\nKlasse M9b: Klaus Schmidmeister<\/p>\n<p><strong>Lehrkr\u00e4fte ohne Klassenf\u00fchrung:<\/strong><\/p>\n<p>Markus Eigenstetter, Milena Eichenseer, Martin H\u00f6chbauer, Alexander H\u00f6hlig, Hilke Lindner, Veronika Birkner, Hannah Namberger, Julia P\u00f6ppl<br \/>\nBeate Brandl, Annemarie Geitner, Emily Kellermann, Petra Stiegler, Justine Ziegler<br \/>\nKarolina Schmid, Hanna Luther, Pfr. Peter Gr\u00e4ff<\/p>\n<p><strong>Lehrkr\u00e4fte als \u201emobile Reserven\u201c<\/strong><\/p>\n<p>Stephanie Giebler, Johannes Neidhardt<\/p>\n<p><strong>Externe Musiklehrkr\u00e4fte:<\/strong><\/p>\n<p>Willibald H\u00f6fele, Anja Paulus<br \/>\nSonja Spangler, Martin K\u00fcrzinger, Katharina Schneider, Erwin Zachmeier, Katharina Schneider<\/p>\n<p>&nbsp;<\/p>\n<p>&nbsp;<\/p>\n","protected":false},"excerpt":{"rendered":"<p>\u00a0 Klassenlehrkr\u00e4fte: Klasse 1a: Heike Apfelbacher Klasse 1b: Heike Braun Klasse 1c: Fritz G\u00fcldener Klasse 2a: Gabriele Federl Klasse 2b:&#46;&#46;&#46;<\/p>\n","protected":false},"author":2,"featured_media":0,"parent":0,"menu_order":3,"comment_status":"closed","ping_status":"closed","template":"","meta":{"footnotes":""},"_links":{"self":[{"href":"https:\/\/www.vs-seubersdorf.de\/schulpage\/index.php?rest_route=\/wp\/v2\/pages\/61"}],"collection":[{"href":"https:\/\/www.vs-seubersdorf.de\/schulpage\/index.php?rest_route=\/wp\/v2\/pages"}],"about":[{"href":"https:\/\/www.vs-seubersdorf.de\/schulpage\/index.php?rest_route=\/wp\/v2\/types\/page"}],"author":[{"embeddable":true,"href":"https:\/\/www.vs-seubersdorf.de\/schulpage\/index.php?rest_route=\/wp\/v2\/users\/2"}],"replies":[{"embeddable":true,"href":"https:\/\/www.vs-seubersdorf.de\/schulpage\/index.php?rest_route=%2Fwp%2Fv2%2Fcomments&post=61"}],"version-history":[{"count":0,"href":"https:\/\/www.vs-seubersdorf.de\/schulpage\/index.php?rest_route=\/wp\/v2\/pages\/61\/revisions"}],"wp:attachment":[{"href":"https:\/\/www.vs-seubersdorf.de\/schulpage\/index.php?rest_route=%2Fwp%2Fv2%2Fmedia&parent=61"}],"curies":[{"name":"wp","href":"https:\/\/api.w.org\/{rel}","templated":true}]}}