{"id":4352,"date":"2021-10-13T12:36:13","date_gmt":"2021-10-13T11:36:13","guid":{"rendered":"http:\/\/www.vs-seubersdorf.de\/schulpage\/?page_id=4352"},"modified":"2021-10-27T15:23:11","modified_gmt":"2021-10-27T14:23:11","slug":"leitbild","status":"publish","type":"page","link":"https:\/\/www.vs-seubersdorf.de\/schulpage\/?page_id=4352","title":{"rendered":"Leitbild"},"content":{"rendered":"<p style=\"text-align: center;\"><strong><span style=\"font-size: large;\"><span style=\"font-size: 18pt;\">Das Leitbild der Grundschule und der Mittelschule Seubersdorf<\/span><\/span><\/strong><\/p>\n<p style=\"text-align: center;\"><img decoding=\"async\" loading=\"lazy\" class=\"alignnone size-medium wp-image-17379\" src=\"https:\/\/www.vs-seubersdorf.de\/schulpage\/wp-content\/uploads\/2019\/10\/Schuljahr-2019_2020-640x427.jpg\" alt=\"\" width=\"640\" height=\"427\" srcset=\"https:\/\/www.vs-seubersdorf.de\/schulpage\/wp-content\/uploads\/2019\/10\/Schuljahr-2019_2020-640x427.jpg 640w, https:\/\/www.vs-seubersdorf.de\/schulpage\/wp-content\/uploads\/2019\/10\/Schuljahr-2019_2020.jpg 700w\" sizes=\"(max-width: 640px) 100vw, 640px\" \/><\/p>\n<p><span style=\"font-size: 14pt;\"><strong><span style=\"color: #888888;\">Leitsatz 1:<\/span><\/strong><\/span><\/p>\n<p><span style=\"font-size: 14pt;\">Kommunikation und Zusammenarbeit von Sch\u00fclern, Lehrkr\u00e4ften, Eltern und allen an der Schule Beteiligten sind gepr\u00e4gt von Wertsch\u00e4tzung, Offenheit, H\u00f6flichkeit und Toleranz.<\/span><\/p>\n<p><span style=\"font-size: 14pt;\"><strong><span style=\"color: #888888;\">Leitsatz 2:<\/span><\/strong><\/span><\/p>\n<p><span style=\"font-size: 14pt;\">An unserer Schule werden Sch\u00fclerinnen und Sch\u00fcler im Unterricht ihrem Leistungsstand entsprechend gef\u00f6rdert und gefordert. Sie werden zu selbstst\u00e4ndigem Lernen und Denken angeleitet.<\/span><\/p>\n<p><span style=\"font-size: 14pt;\"><strong><span style=\"color: #888888;\">Leitsatz 3:<\/span><\/strong><\/span><\/p>\n<p><span style=\"font-size: 14pt;\">Die Lehrkr\u00e4fte bereiten die Sch\u00fclerinnen und Sch\u00fcler optimal auf den Besuch weiterf\u00fchrender Schulen bzw. das Berufsleben und die daf\u00fcr notwendige Ausbildungsreife vor.<\/span><\/p>\n<p><span style=\"font-size: 14pt;\"><strong><span style=\"color: #888888;\">Leitsatz 4:<\/span><\/strong><\/span><\/p>\n<p><span style=\"font-size: 14pt;\">\u201eSoziales Lernen\u201c ist ein Schwerpunkt unserer Arbeit. Die Vermittlung von Werten und die individuelle Pers\u00f6nlichkeitsentwicklung einer jeden Sch\u00fclerin und eines jeden Sch\u00fclers pr\u00e4gen unsere Erziehungs- und Unterrichtsarbeit.<\/span><\/p>\n<p><span style=\"font-size: 14pt;\"><strong><span style=\"color: #888888;\"> Leitsatz 5:<\/span><\/strong><\/span><\/p>\n<p><span style=\"font-size: 14pt;\">Alle Beteiligten streben eine hohe Qualit\u00e4t der Unterrichts- und Erziehungsarbeit an. Teamarbeit im Kollegium und die Nutzung aktueller p\u00e4dagogischer und psychologischer Erkenntnisse sind dabei wichtige Faktoren.<\/span><\/p>\n","protected":false},"excerpt":{"rendered":"<p>Das Leitbild der Grundschule und der Mittelschule Seubersdorf Leitsatz 1: Kommunikation und Zusammenarbeit von Sch\u00fclern, Lehrkr\u00e4ften, Eltern und allen an&#46;&#46;&#46;<\/p>\n","protected":false},"author":2,"featured_media":0,"parent":0,"menu_order":1,"comment_status":"closed","ping_status":"closed","template":"","meta":{"footnotes":""},"_links":{"self":[{"href":"https:\/\/www.vs-seubersdorf.de\/schulpage\/index.php?rest_route=\/wp\/v2\/pages\/4352"}],"collection":[{"href":"https:\/\/www.vs-seubersdorf.de\/schulpage\/index.php?rest_route=\/wp\/v2\/pages"}],"about":[{"href":"https:\/\/www.vs-seubersdorf.de\/schulpage\/index.php?rest_route=\/wp\/v2\/types\/page"}],"author":[{"embeddable":true,"href":"https:\/\/www.vs-seubersdorf.de\/schulpage\/index.php?rest_route=\/wp\/v2\/users\/2"}],"replies":[{"embeddable":true,"href":"https:\/\/www.vs-seubersdorf.de\/schulpage\/index.php?rest_route=%2Fwp%2Fv2%2Fcomments&post=4352"}],"version-history":[{"count":0,"href":"https:\/\/www.vs-seubersdorf.de\/schulpage\/index.php?rest_route=\/wp\/v2\/pages\/4352\/revisions"}],"wp:attachment":[{"href":"https:\/\/www.vs-seubersdorf.de\/schulpage\/index.php?rest_route=%2Fwp%2Fv2%2Fmedia&parent=4352"}],"curies":[{"name":"wp","href":"https:\/\/api.w.org\/{rel}","templated":true}]}}