{"id":18971,"date":"2021-10-27T20:11:36","date_gmt":"2021-10-27T19:11:36","guid":{"rendered":"https:\/\/www.vs-seubersdorf.de\/schulpage\/?page_id=18971"},"modified":"2025-10-27T12:38:37","modified_gmt":"2025-10-27T11:38:37","slug":"elternbeirat","status":"publish","type":"page","link":"https:\/\/www.vs-seubersdorf.de\/schulpage\/?page_id=18971","title":{"rendered":"Elternbeirat"},"content":{"rendered":"<p style=\"text-align: center;\">Der Elternbeirat der Grundschule und der Mittelschule wurde am 29. September 2025 neu gew\u00e4hlt.<\/p>\n<p style=\"text-align: center;\"><img decoding=\"async\" loading=\"lazy\" class=\"alignnone size-medium wp-image-22119\" src=\"https:\/\/www.vs-seubersdorf.de\/schulpage\/wp-content\/uploads\/2025\/10\/Elternbeirat-Schuljahr-25_26-640x334.jpg\" alt=\"\" width=\"640\" height=\"334\" srcset=\"https:\/\/www.vs-seubersdorf.de\/schulpage\/wp-content\/uploads\/2025\/10\/Elternbeirat-Schuljahr-25_26-640x334.jpg 640w, https:\/\/www.vs-seubersdorf.de\/schulpage\/wp-content\/uploads\/2025\/10\/Elternbeirat-Schuljahr-25_26-768x401.jpg 768w, https:\/\/www.vs-seubersdorf.de\/schulpage\/wp-content\/uploads\/2025\/10\/Elternbeirat-Schuljahr-25_26.jpg 1000w\" sizes=\"(max-width: 640px) 100vw, 640px\" \/><\/p>\n<p style=\"text-align: center;\"><strong>Mitglieder des Elternbeirats der GS und MS im Schuljahr 2025\/2026<\/strong><\/p>\n<p>Die Schulleitung und die Lehrkr\u00e4fte freuen sich auf eine weiterhin gute Zusammenarbeit und w\u00fcnschen den engagierten Eltern viel Freude bei der verantwortungsvollen T\u00e4tigkeit.<\/p>\n","protected":false},"excerpt":{"rendered":"<p>Der Elternbeirat der Grundschule und der Mittelschule wurde am 29. September 2025 neu gew\u00e4hlt. Mitglieder des Elternbeirats der GS und&#46;&#46;&#46;<\/p>\n","protected":false},"author":2,"featured_media":0,"parent":0,"menu_order":7,"comment_status":"closed","ping_status":"closed","template":"","meta":{"footnotes":""},"_links":{"self":[{"href":"https:\/\/www.vs-seubersdorf.de\/schulpage\/index.php?rest_route=\/wp\/v2\/pages\/18971"}],"collection":[{"href":"https:\/\/www.vs-seubersdorf.de\/schulpage\/index.php?rest_route=\/wp\/v2\/pages"}],"about":[{"href":"https:\/\/www.vs-seubersdorf.de\/schulpage\/index.php?rest_route=\/wp\/v2\/types\/page"}],"author":[{"embeddable":true,"href":"https:\/\/www.vs-seubersdorf.de\/schulpage\/index.php?rest_route=\/wp\/v2\/users\/2"}],"replies":[{"embeddable":true,"href":"https:\/\/www.vs-seubersdorf.de\/schulpage\/index.php?rest_route=%2Fwp%2Fv2%2Fcomments&post=18971"}],"version-history":[{"count":0,"href":"https:\/\/www.vs-seubersdorf.de\/schulpage\/index.php?rest_route=\/wp\/v2\/pages\/18971\/revisions"}],"wp:attachment":[{"href":"https:\/\/www.vs-seubersdorf.de\/schulpage\/index.php?rest_route=%2Fwp%2Fv2%2Fmedia&parent=18971"}],"curies":[{"name":"wp","href":"https:\/\/api.w.org\/{rel}","templated":true}]}}