{"id":16804,"date":"2019-03-15T11:07:58","date_gmt":"2019-03-15T10:07:58","guid":{"rendered":"https:\/\/www.vs-seubersdorf.de\/schulpage\/?page_id=16804"},"modified":"2026-04-26T12:54:10","modified_gmt":"2026-04-26T11:54:10","slug":"offener-ganztag","status":"publish","type":"page","link":"https:\/\/www.vs-seubersdorf.de\/schulpage\/?page_id=16804","title":{"rendered":"Offene Ganztagsschule"},"content":{"rendered":"<p><strong>Der Offene Ganztag an der Grundschule Seubersdorf stellt sich vor<\/strong><\/p>\n<p>F\u00fcr berufst\u00e4tige Eltern ist es oft eine Herausforderung, ihre Kinder direkt nach dem Unterricht abzuholen. Um diese Familien bestm\u00f6glich zu unterst\u00fctzen, hat die Grundschule Seubersdorf gemeinsam mit der Gemeinde Seubersdorf als Sachaufwandstr\u00e4ger ein Konzept f\u00fcr den Offenen Ganztag entwickelt.<\/p>\n<p>In sechs liebevoll ausgestatteten R\u00e4umen k\u00f6nnen die Kinder ihre Zeit sinnvoll und abwechslungsreich gestalten \u2013 beim Spielen, Basteln oder auch beim Erledigen der Hausaufgaben. Zu Beginn der Betreuung steht jedoch vor allem das Abschalten vom Schulalltag im Vordergrund. Ein vielf\u00e4ltiges Angebot an Spielmaterialien f\u00fcr drinnen und drau\u00dfen (Lego, Kaufladen, Magnetspiele, B\u00e4lle, Springseile und vieles mehr) sowie zahlreiche Brettspiele bieten hierf\u00fcr beste M\u00f6glichkeiten. F\u00fcr Kinder, die Ruhe suchen, steht eine gem\u00fctliche Leseecke zur Verf\u00fcgung, in der sie bei einem Buch, einer vorgelesenen Geschichte oder einer Traumreise entspannen k\u00f6nnen.<\/p>\n<p>Das gemeinsame Mittagessen findet im nahegelegenen B\u00fcrgersaal statt. Um eine ruhige und angenehme Atmosph\u00e4re zu gew\u00e4hrleisten, gehen die Kinder in zwei Gruppen zum Essen: die erste Gruppe um 12:15 Uhr, die zweite um 13:00 Uhr. Auch bei schlechtem Wetter ist der Weg gut organisiert \u2013 die Gemeinde Seubersdorf stellt hierf\u00fcr ausreichend Regenschirme zur Verf\u00fcgung.<\/p>\n<p>Nach dem Mittagessen haben die Kinder Gelegenheit, sich auf dem Pausenhof der Grundschule auszutoben, bevor es anschlie\u00dfend zur\u00fcck ins Schulgeb\u00e4ude geht. Dort beginnt die Hausaufgabenzeit. Unterst\u00fctzt durch erfahrenes Betreuungspersonal erledigen die Kinder ihre Aufgaben m\u00f6glichst selbstst\u00e4ndig. Bei Bedarf erhalten sie Hilfestellung und werden auf Fehler aufmerksam gemacht. In gewissem Rahmen ist auch eine individuelle F\u00f6rderung m\u00f6glich. Es kann jedoch nicht garantiert werden, dass alle Hausaufgaben vollst\u00e4ndig erledigt werden. Je nach Umfang und Arbeitsweise kann es vorkommen, dass Aufgaben zu Hause fertiggestellt werden m\u00fcssen. Lesehausaufgaben sind grunds\u00e4tzlich zu Hause zu erledigen.<\/p>\n<p>Im Anschluss an die Hausaufgaben werden gemeinsam mit den Kindern verschiedene Projekte durchgef\u00fchrt, die sich an den Jahreszeiten orientieren. Neben kreativen Bastelangeboten werden auch Themen wie Natur, Lebensmittel und vieles mehr spielerisch vermittelt. Gemeinsames Singen und Tanzen rundet das Angebot ab.<\/p>\n<p>Das Betreuungsangebot ist f\u00fcr Eltern kostenfrei. Lediglich die Kosten f\u00fcr das Mittagessen in H\u00f6he von 4,20 \u20ac pro Tag sind von den Eltern zu tragen.<\/p>\n<p><strong>Betreuungsangebote<\/strong><\/p>\n<p>Der Offene Ganztag findet direkt im Anschluss an den regul\u00e4ren Unterricht statt. Es bestehen folgende Wahlm\u00f6glichkeiten:<\/p>\n<ul>\n<li><strong>Kurzgruppe:<\/strong> bis 13:15 Uhr (ohne Mittagsverpflegung)<\/li>\n<li><strong>Normale Gruppe:<\/strong> bis 14:00 Uhr (mit Mittagsverpflegung)<\/li>\n<li><strong>Verl\u00e4ngerte Gruppe:<\/strong> bis 15:30 Uhr (mit Mittagsverpflegung und Hausaufgabenbetreuung)<\/li>\n<\/ul>\n<p>Die Anmeldung muss f\u00fcr mindestens zwei Tage pro Woche erfolgen und ist f\u00fcr das gesamte Schuljahr verbindlich.<\/p>\n<p><strong>Mittagsverpflegung<\/strong><\/p>\n<p>Die Mittagsverpflegung wird von der Metzgerei Petermichl aus Beratzhausen geliefert.<\/p>\n<p>T\u00e4glich erhalten die Kinder:<\/p>\n<ul>\n<li>Getr\u00e4nke<\/li>\n<li>eine warme Mittagsmahlzeit<\/li>\n<li>eine Auswahl an Gem\u00fcse und Rohkost<\/li>\n<li>Obst<\/li>\n<li>Naturjoghurt<\/li>\n<\/ul>\n<p>Die Mahlzeiten sind abwechslungsreich und werden von den Kindern sehr gut angenommen. Die Kosten f\u00fcr das Mittagessen betragen 4,20 \u20ac pro Tag und sind von den Eltern zu tragen.<\/p>\n<p><strong>Team<\/strong><\/p>\n<p>Anja Maier (Leitung), Nicole Grabmann (Stellvertretende Leitung), Theresia Betz, Monika Thumann, Patricia Fliegel und Sibylle Koller, Andrea B\u00f6hm, Marina Barrabas und Manuela Weber.<\/p>\n<p style=\"text-align: center;\"><strong>Aktuelle Informationen zum Schuljahr 2026\/27 finden Sie hier:<\/strong><\/p>\n<p style=\"text-align: center;\"><a href=\"https:\/\/www.vs-seubersdorf.de\/schulpage\/wp-content\/uploads\/2026\/04\/OGTS-Anmeldeformular_Schulahr_26_27.pdf\" target=\"_blank\" rel=\"noopener\"><strong>Information und Anmeldeformular<\/strong><\/a><\/p>\n<p><strong>Kontakt<\/strong><\/p>\n<p>Anja Maier<br \/>\nLeiterin des Offenen Ganztages<br \/>\nSchulstra\u00dfe 6<br \/>\n92358 Seubersdorf<\/p>\n<p>Telefon:\u00a0<a href=\"tel:+4994976553\"><strong>09497 6553<\/strong><\/a><br \/>\nE-Mail:\u00a0<a href=\"mailto:ogts@seubersdorf.de\"><strong>ogts@seubersdorf.de<\/strong><\/a><\/p>\n<p>&nbsp;<\/p>\n<p style=\"text-align: center;\"><strong><span style=\"font-size: 14pt;\">\u00a0<\/span><\/strong><\/p>\n","protected":false},"excerpt":{"rendered":"<p>Der Offene Ganztag an der Grundschule Seubersdorf stellt sich vor F\u00fcr berufst\u00e4tige Eltern ist es oft eine Herausforderung, ihre Kinder&#46;&#46;&#46;<\/p>\n","protected":false},"author":2,"featured_media":0,"parent":0,"menu_order":5,"comment_status":"closed","ping_status":"closed","template":"","meta":{"footnotes":""},"_links":{"self":[{"href":"https:\/\/www.vs-seubersdorf.de\/schulpage\/index.php?rest_route=\/wp\/v2\/pages\/16804"}],"collection":[{"href":"https:\/\/www.vs-seubersdorf.de\/schulpage\/index.php?rest_route=\/wp\/v2\/pages"}],"about":[{"href":"https:\/\/www.vs-seubersdorf.de\/schulpage\/index.php?rest_route=\/wp\/v2\/types\/page"}],"author":[{"embeddable":true,"href":"https:\/\/www.vs-seubersdorf.de\/schulpage\/index.php?rest_route=\/wp\/v2\/users\/2"}],"replies":[{"embeddable":true,"href":"https:\/\/www.vs-seubersdorf.de\/schulpage\/index.php?rest_route=%2Fwp%2Fv2%2Fcomments&post=16804"}],"version-history":[{"count":0,"href":"https:\/\/www.vs-seubersdorf.de\/schulpage\/index.php?rest_route=\/wp\/v2\/pages\/16804\/revisions"}],"wp:attachment":[{"href":"https:\/\/www.vs-seubersdorf.de\/schulpage\/index.php?rest_route=%2Fwp%2Fv2%2Fmedia&parent=16804"}],"curies":[{"name":"wp","href":"https:\/\/api.w.org\/{rel}","templated":true}]}}